{"id":3383,"date":"2026-03-03T13:11:07","date_gmt":"2026-03-03T12:11:07","guid":{"rendered":"https:\/\/www.oryl.de\/?page_id=3383"},"modified":"2026-03-06T10:05:23","modified_gmt":"2026-03-06T09:05:23","slug":"rueckgabeformular","status":"publish","type":"page","link":"https:\/\/www.oryl.de\/en\/rueckgabeformular\/","title":{"rendered":"R\u00fcckgabeformular"},"content":{"rendered":"<div data-elementor-type=\"wp-page\" data-elementor-id=\"3383\" class=\"elementor elementor-3383\" data-elementor-settings=\"{&quot;ha_cmc_init_switcher&quot;:&quot;no&quot;}\" data-elementor-post-type=\"page\">\n\t\t\t\t\t\t<section class=\"elementor-section elementor-top-section elementor-element elementor-element-42052255 elementor-section-boxed elementor-section-height-default elementor-section-height-default\" data-id=\"42052255\" data-element_type=\"section\" data-settings=\"{&quot;_ha_eqh_enable&quot;:false}\">\n\t\t\t\t\t\t<div class=\"elementor-container elementor-column-gap-default\">\n\t\t\t\t\t<div class=\"elementor-column elementor-col-100 elementor-top-column elementor-element elementor-element-6880fbbb\" data-id=\"6880fbbb\" data-element_type=\"column\">\n\t\t\t<div class=\"elementor-widget-wrap elementor-element-populated\">\n\t\t\t\t\t\t<div class=\"elementor-element elementor-element-80ca9d5 elementor-widget elementor-widget-text-editor\" data-id=\"80ca9d5\" data-element_type=\"widget\" data-widget_type=\"text-editor.default\">\n\t\t\t\t<div class=\"elementor-widget-container\">\n\t\t\t\t\t\t\t\t\t<p>Schade, dass dir deine Bestellung nicht komplett gef\u00e4llt \u2013 aber kein Problem, wir machen die R\u00fccksendung f\u00fcr dich so stressfrei wie m\u00f6glich. F\u00fclle das Formular aus um ein Retourenlabel per Email zu erhalten.<\/p>\t\t\t\t\t\t\t\t<\/div>\n\t\t\t\t<\/div>\n\t\t\t\t<div class=\"elementor-element elementor-element-47d9f9c elementor-widget elementor-widget-shortcode\" data-id=\"47d9f9c\" data-element_type=\"widget\" data-widget_type=\"shortcode.default\">\n\t\t\t\t<div class=\"elementor-widget-container\">\n\t\t\t\t\t\t\t<div class=\"elementor-shortcode\"><div class=\"wpforms-container wpforms-container-full\" id=\"wpforms-3379\"><form id=\"wpforms-form-3379\" class=\"wpforms-validate wpforms-form wpforms-ajax-form\" data-formid=\"3379\" method=\"post\" enctype=\"multipart\/form-data\" action=\"\/wp-json\/wp\/v2\/pages\/3383\" data-token=\"8ff36842165bf51b659e6a423c1baf63\" data-token-time=\"1776862462\" data-trp-original-action=\"\/en\/wp-json\/wp\/v2\/pages\/3383\"><noscript class=\"wpforms-error-noscript\">Please enable JavaScript in your browser to complete this form.<\/noscript><div class=\"wpforms-field-container\"><div id=\"wpforms-3379-field_0-container\" class=\"wpforms-field wpforms-field-name\" data-field-id=\"0\"><label class=\"wpforms-field-label\" for=\"wpforms-3379-field_0\">Name <span class=\"wpforms-required-label\">*<\/span><\/label><div class=\"wpforms-field-row wpforms-field-medium\"><div class=\"wpforms-field-row-block wpforms-first wpforms-one-half\"><input type=\"text\" id=\"wpforms-3379-field_0\" class=\"wpforms-field-name-first wpforms-field-required\" name=\"wpforms[fields][0][first]\" required><label for=\"wpforms-3379-field_0\" class=\"wpforms-field-sublabel after\">First<\/label><\/div><div class=\"wpforms-field-row-block wpforms-one-half\"><input type=\"text\" id=\"wpforms-3379-field_0-last\" class=\"wpforms-field-name-last wpforms-field-required\" name=\"wpforms[fields][0][last]\" required><label for=\"wpforms-3379-field_0-last\" class=\"wpforms-field-sublabel after\">Last<\/label><\/div><\/div><\/div><div id=\"wpforms-3379-field_1-container\" class=\"wpforms-field wpforms-field-email\" data-field-id=\"1\"><label class=\"wpforms-field-label\" for=\"wpforms-3379-field_1\">Email <span class=\"wpforms-required-label\">*<\/span><\/label><input type=\"email\" id=\"wpforms-3379-field_1\" class=\"wpforms-field-medium wpforms-field-required\" name=\"wpforms[fields][1]\" spellcheck=\"false\" required><\/div><div id=\"wpforms-3379-field_3-container\" class=\"wpforms-field wpforms-field-text\" data-field-id=\"3\"><label class=\"wpforms-field-label\" for=\"wpforms-3379-field_3\">Bestellnummer <span class=\"wpforms-required-label\">*<\/span><\/label><input type=\"text\" id=\"wpforms-3379-field_3\" class=\"wpforms-field-medium wpforms-field-required\" name=\"wpforms[fields][3]\" required><\/div><div id=\"wpforms-3379-field_5-container\" class=\"wpforms-field wpforms-field-text\" data-field-id=\"5\"><label class=\"wpforms-field-label\" for=\"wpforms-3379-field_5\">Artikelname\/Beschreibung <span class=\"wpforms-required-label\">*<\/span><\/label><input type=\"text\" id=\"wpforms-3379-field_5\" class=\"wpforms-field-medium wpforms-field-required\" name=\"wpforms[fields][5]\" required><\/div><div id=\"wpforms-3379-field_6-container\" class=\"wpforms-field wpforms-field-number\" data-field-id=\"6\"><label class=\"wpforms-field-label\" for=\"wpforms-3379-field_6\">R\u00fcckgabemenge <span class=\"wpforms-required-label\">*<\/span><\/label><input type=\"number\" id=\"wpforms-3379-field_6\" class=\"wpforms-field-medium wpforms-field-required\" name=\"wpforms[fields][6]\" required><\/div><div id=\"wpforms-3379-field_7-container\" class=\"wpforms-field wpforms-field-select wpforms-field-select-style-classic\" data-field-id=\"7\"><label class=\"wpforms-field-label\" for=\"wpforms-3379-field_7\">Zustand des Artikels  <span class=\"wpforms-required-label\">*<\/span><\/label><select id=\"wpforms-3379-field_7\" class=\"wpforms-field-medium wpforms-field-required\" name=\"wpforms[fields][7]\" required=\"required\"><option value=\"Unbenutzt\" >Unbenutzt<\/option><option value=\"Besch\u00e4digt\" >Besch\u00e4digt<\/option><option value=\"Ge\u00f6ffnet\" >Ge\u00f6ffnet<\/option><\/select><\/div><div id=\"wpforms-3379-field_8-container\" class=\"wpforms-field wpforms-field-select wpforms-field-select-style-classic\" data-field-id=\"8\"><label class=\"wpforms-field-label\" for=\"wpforms-3379-field_8\">Grund f\u00fcr R\u00fcckgabe <span class=\"wpforms-required-label\">*<\/span><\/label><select id=\"wpforms-3379-field_8\" class=\"wpforms-field-medium wpforms-field-required\" name=\"wpforms[fields][8]\" required=\"required\"><option value=\"\" class=\"placeholder\" disabled selected='selected'>W\u00e4hle den Grund f\u00fcr die R\u00fcckgabe aus<\/option><option value=\"Zu gro\u00df \/ Zu klein\" >Zu gro\u00df \/ Zu klein<\/option><option value=\"Gef\u00e4llt mir nicht\" >Gef\u00e4llt mir nicht<\/option><option value=\"Defekt \/ Besch\u00e4digt\" >Defekt \/ Besch\u00e4digt<\/option><option value=\"Falscher Artikel geliefert\" >Falscher Artikel geliefert<\/option><option value=\"Entspricht nicht der Beschreibung\" >Entspricht nicht der Beschreibung<\/option><\/select><\/div><div id=\"wpforms-3379-field_2-container\" class=\"wpforms-field wpforms-field-textarea\" data-field-id=\"2\"><label class=\"wpforms-field-label\" for=\"wpforms-3379-field_2\">Weitere Informationen <\/label><textarea id=\"wpforms-3379-field_2\" class=\"wpforms-field-medium\" name=\"wpforms[fields][2]\" ><\/textarea><\/div><\/div><!-- .wpforms-field-container --><div class=\"wpforms-submit-container\" ><input type=\"hidden\" name=\"wpforms[id]\" value=\"3379\"><input type=\"hidden\" name=\"page_title\" value=\"\"><input type=\"hidden\" name=\"page_url\" value=\"https:\/\/www.oryl.de\/en\/wp-json\/wp\/v2\/pages\/3383\"><button type=\"submit\" name=\"wpforms[submit]\" id=\"wpforms-submit-3379\" class=\"wpforms-submit\" data-alt-text=\"Wird gesendet\u00a0\u2026\" data-submit-text=\"Absenden\" aria-live=\"assertive\" value=\"wpforms-submit\">Absenden<\/button><img decoding=\"async\" src=\"https:\/\/www.oryl.de\/wp-content\/plugins\/wpforms-lite\/assets\/images\/submit-spin.svg\" class=\"wpforms-submit-spinner\" style=\"display: none;\" width=\"26\" height=\"26\" alt=\"Loading\"><\/div><input type=\"hidden\" name=\"trp-form-language\" value=\"en\"\/><\/form><\/div>  <!-- .wpforms-container --><\/div>\n\t\t\t\t\t\t<\/div>\n\t\t\t\t<\/div>\n\t\t\t\t\t<\/div>\n\t\t<\/div>\n\t\t\t\t\t<\/div>\n\t\t<\/section>\n\t\t\t\t<\/div>","protected":false},"excerpt":{"rendered":"<p>Schade, dass dir deine Bestellung nicht komplett gef\u00e4llt \u2013 aber kein Problem, wir machen die R\u00fccksendung f\u00fcr dich so stressfrei wie m\u00f6glich. F\u00fclle das Formular aus um ein Retourenlabel per Email zu erhalten.<\/p>","protected":false},"author":1,"featured_media":0,"parent":0,"menu_order":0,"comment_status":"closed","ping_status":"closed","template":"","meta":{"_uag_custom_page_level_css":"","site-sidebar-layout":"default","site-content-layout":"","ast-site-content-layout":"default","site-content-style":"default","site-sidebar-style":"default","ast-global-header-display":"","ast-banner-title-visibility":"","ast-main-header-display":"","ast-hfb-above-header-display":"","ast-hfb-below-header-display":"","ast-hfb-mobile-header-display":"","site-post-title":"","ast-breadcrumbs-content":"","ast-featured-img":"","footer-sml-layout":"","ast-disable-related-posts":"","theme-transparent-header-meta":"default","adv-header-id-meta":"","stick-header-meta":"default","header-above-stick-meta":"","header-main-stick-meta":"","header-below-stick-meta":"","astra-migrate-meta-layouts":"set","ast-page-background-enabled":"default","ast-page-background-meta":{"desktop":{"background-color":"var(--ast-global-color-4)","background-image":"","background-repeat":"repeat","background-position":"center center","background-size":"auto","background-attachment":"scroll","background-type":"","background-media":"","overlay-type":"","overlay-color":"","overlay-opacity":"","overlay-gradient":""},"tablet":{"background-color":"","background-image":"","background-repeat":"repeat","background-position":"center center","background-size":"auto","background-attachment":"scroll","background-type":"","background-media":"","overlay-type":"","overlay-color":"","overlay-opacity":"","overlay-gradient":""},"mobile":{"background-color":"","background-image":"","background-repeat":"repeat","background-position":"center center","background-size":"auto","background-attachment":"scroll","background-type":"","background-media":"","overlay-type":"","overlay-color":"","overlay-opacity":"","overlay-gradient":""}},"ast-content-background-meta":{"desktop":{"background-color":"var(--ast-global-color-5)","background-image":"","background-repeat":"repeat","background-position":"center center","background-size":"auto","background-attachment":"scroll","background-type":"","background-media":"","overlay-type":"","overlay-color":"","overlay-opacity":"","overlay-gradient":""},"tablet":{"background-color":"var(--ast-global-color-5)","background-image":"","background-repeat":"repeat","background-position":"center center","background-size":"auto","background-attachment":"scroll","background-type":"","background-media":"","overlay-type":"","overlay-color":"","overlay-opacity":"","overlay-gradient":""},"mobile":{"background-color":"var(--ast-global-color-5)","background-image":"","background-repeat":"repeat","background-position":"center center","background-size":"auto","background-attachment":"scroll","background-type":"","background-media":"","overlay-type":"","overlay-color":"","overlay-opacity":"","overlay-gradient":""}},"footnotes":""},"class_list":["post-3383","page","type-page","status-publish","hentry"],"uagb_featured_image_src":{"full":false,"thumbnail":false,"medium":false,"medium_large":false,"large":false,"1536x1536":false,"2048x2048":false,"trp-custom-language-flag":false,"mailpoet_newsletter_max":false},"uagb_author_info":{"display_name":"admin2020","author_link":"https:\/\/www.oryl.de\/en\/author\/admin2020\/"},"uagb_comment_info":0,"uagb_excerpt":"Schade, dass dir deine Bestellung nicht komplett gef\u00e4llt \u2013 aber kein Problem, wir machen die R\u00fccksendung f\u00fcr dich so stressfrei wie m\u00f6glich. F\u00fclle das Formular aus um ein Retourenlabel per Email zu erhalten.","jetpack_sharing_enabled":true,"_links":{"self":[{"href":"https:\/\/www.oryl.de\/en\/wp-json\/wp\/v2\/pages\/3383","targetHints":{"allow":["GET"]}}],"collection":[{"href":"https:\/\/www.oryl.de\/en\/wp-json\/wp\/v2\/pages"}],"about":[{"href":"https:\/\/www.oryl.de\/en\/wp-json\/wp\/v2\/types\/page"}],"author":[{"embeddable":true,"href":"https:\/\/www.oryl.de\/en\/wp-json\/wp\/v2\/users\/1"}],"replies":[{"embeddable":true,"href":"https:\/\/www.oryl.de\/en\/wp-json\/wp\/v2\/comments?post=3383"}],"version-history":[{"count":4,"href":"https:\/\/www.oryl.de\/en\/wp-json\/wp\/v2\/pages\/3383\/revisions"}],"predecessor-version":[{"id":3388,"href":"https:\/\/www.oryl.de\/en\/wp-json\/wp\/v2\/pages\/3383\/revisions\/3388"}],"wp:attachment":[{"href":"https:\/\/www.oryl.de\/en\/wp-json\/wp\/v2\/media?parent=3383"}],"curies":[{"name":"wp","href":"https:\/\/api.w.org\/{rel}","templated":true}]}}