{"id":448,"date":"2022-06-02T12:52:46","date_gmt":"2022-06-02T10:52:46","guid":{"rendered":"https:\/\/www.oryl.de\/?page_id=448"},"modified":"2022-06-02T12:52:46","modified_gmt":"2022-06-02T10:52:46","slug":"hinweise-zum-batteriegesetz-altoelentsorgung","status":"publish","type":"page","link":"https:\/\/www.oryl.de\/en\/hinweise-zum-batteriegesetz-altoelentsorgung\/","title":{"rendered":"Notes on battery law \/ waste oil disposal"},"content":{"rendered":"<h3><strong>Hinweise zum Batteriegesetz<\/strong><\/h3>\n<p>Die nachfolgenden Hinweise richten sich an diejenigen, die Batterien oder Produkte mit eingebauten Batterien nutzen und in der an sie gelieferten Form nicht mehr weiterver\u00e4u\u00dfern (Endnutzer):<\/p>\n<ol>\n<li><strong> Unentgeltliche R\u00fccknahme von Altbatterien<\/strong><\/li>\n<\/ol>\n<p>Batterien d\u00fcrfen nicht \u00fcber den Hausm\u00fcll entsorgt werden. Sie sind zur R\u00fcckgabe von Altbatterien gesetzlich verpflichtet, damit eine fachgerechte Entsorgung gew\u00e4hrleistet werden kann. Sie k\u00f6nnen Altbatterien an einer kommunalen Sammelstelle oder im Handel vor Ort abgeben. Wir sind als Vertreiber von Batterien zur R\u00fccknahme von Altbatterien verpflichtet, wobei sich unsere R\u00fccknahmeverpflichtung auf Altbatterien der Art beschr\u00e4nkt, die wir als Neubatterien in unserem Sortiment f\u00fchren oder gef\u00fchrt haben, sowie auf die Menge, derer sich Endnutzer \u00fcblicherweise entledigen. Altbatterien k\u00f6nnen Sie daher entweder ausreichend frankiert an uns zur\u00fccksenden oder sie direkt an unserem Versandlager unter der folgenden Adresse unentgeltlich abgeben:<\/p>\n<p><strong>Herrn Leszek Oryl<br \/>\n<\/strong>Hans-B\u00f6ckler-Ring 5<br \/>\n22851 Norderstedt<\/p>\n<p><strong>\u00a0<\/strong><\/p>\n<ol start=\"2\">\n<li><strong> Bedeutung der Batteriesymbole<\/strong><\/li>\n<\/ol>\n<p>Batterien sind mit dem Symbol einer durchgekreuzten M\u00fclltonne (s.u.) gekennzeichnet. Dieses Symbol weist darauf hin, dass Batterien nicht in den Hausm\u00fcll gegeben werden d\u00fcrfen. Schadstoffhaltige Batterien sind mit chemischen Symbolen besonders gekennzeichnet. Bei Batterien, die mehr als 0,0005 Masseprozent Quecksilber, mehr als 0,002 Masseprozent Cadmium oder mehr als 0,004 Masseprozent Blei enthalten, befindet sich unter dem M\u00fclltonnen-Symbol die chemische Bezeichnung des jeweils eingesetzten Schadstoffes \u2013 dabei steht\u00a0 &#8222;Cd&#8220; f\u00fcr Cadmium, \u00a0&#8222;Pb&#8220; steht f\u00fcr Blei, und &#8222;Hg&#8220; f\u00fcr Quecksilber.<\/p>\n<p>Sie haben die M\u00f6glichkeit, diese Informationen auch nochmals in den Begleitpapieren der Warensendung oder in der Bedienungsanleitung des Herstellers nachzulesen.<\/p>\n<p>&nbsp;<\/p>\n<ol start=\"3\">\n<li><strong> Starterbatterien<\/strong><\/li>\n<\/ol>\n<p>Beim Verkauf von Starterbatterien gelten die folgenden Besonderheiten: Der Verk\u00e4ufer ist gem. \u00a7 10 BattG verpflichtet, gegen\u00fcber Endnutzern ein Pfand in H\u00f6he von 7,50 Euro einschlie\u00dflich Umsatzsteuer zu erheben, wenn der Endnutzer im Zeitpunkt des Kaufs der neuen Starterbatterie dem Verk\u00e4ufer keine gebrauchte Starterbatterie zur\u00fcckgibt. Der Kunde erh\u00e4lt beim Kauf einer Starterbatterie einen Pfandgutschein. Bei R\u00fcckgabe der alten Starterbatterie an einer vom \u00f6ffentlich-rechtlichen-Entsorgungstr\u00e4ger eingerichteten R\u00fccknahmestelle, hat sich der Kunde mittels Stempel und Unterschrift die Entsorgung best\u00e4tigen zu lassen. Anschlie\u00dfend hat der Kunde die M\u00f6glichkeit, diese Best\u00e4tigung unter Angabe seiner Kundennummer zur Erstattung des Pfands an den Verk\u00e4ufer zur\u00fcckzuschicken. Alternativ kann der Kunde seine alte Starterbatterie zusammen mit dem Pfandschein zur Erstattung des Pfandes auch direkt beim Verk\u00e4ufer abgeben. (Auf Grund der Gefahrengutverordnung ist ein Versand der alten Batterie an den Verk\u00e4ufer nicht zul\u00e4ssig.)<\/p>\n<p>&nbsp;<\/p>\n<h3><strong>Hinweise zur Alt\u00f6lentsorgung<\/strong><\/h3>\n<p>&nbsp;<\/p>\n<p>Gem\u00e4\u00df der Alt\u00f6lverordnung sind wir verpflichtet, folgende gebrauchte \u00d6le kostenlos zur\u00fcckzunehmen:\u00a0 Verbrennungsmotoren\u00f6le, Getriebe\u00f6le, \u00d6lfilter und beim \u00d6lwechsel regelm\u00e4\u00dfig anfallende \u00f6lhaltige Abf\u00e4lle. Sie k\u00f6nnen das Alt\u00f6l in der Menge bei uns zur\u00fcckgeben, welche der bei uns gekauften Menge entspricht.<\/p>\n<p><strong>Unsere Annahmestelle finden Sie hier:<\/strong><\/p>\n<p><strong>Herrn Leszek Oryl<br \/>\n<\/strong>Hans-B\u00f6ckler-Ring 5<br \/>\n22851 Norderstedt<\/p>\n<p>Sie k\u00f6nnen die \u00d6le dort jederzeit w\u00e4hrend der \u00d6ffnungszeiten abgeben. Alternativ k\u00f6nnen Sie das gebrauchte \u00d6l auch an unsere Annahmestelle senden, wobei die Versandkosten hierbei von Ihnen zu tragen sind. Bitte beachten Sie, dass f\u00fcr Alt\u00f6l besondere Transportbedingungen gelten k\u00f6nnen. Wir weisen au\u00dferdem darauf hin, dass unsere Annahmestelle \u00fcber eine Einrichtung verf\u00fcgt, die es erm\u00f6glicht, den \u00d6lwechsel fachgerecht durchzuf\u00fchren. Falls Sie ein gewerblicher Endverbraucher sind, weisen wir darauf hin, dass wir uns Ihnen gegen\u00fcber zur Erf\u00fcllung unserer Annahmepflichten Dritter bedienen k\u00f6nnen.<\/p>\n<p>&nbsp;<\/p>\n<h4><strong>Annahme von Verbrennungsmotoren- und Getriebe\u00f6le<\/strong><\/h4>\n<p>Es wird darauf hingewiesen, dass wir entsprechend unserer gesetzlichen Verpflichtung gebrauchte Verbrennungsmotoren- oder Getriebe\u00f6le bis zur Menge der im Einzelfall abgegebenen Verbrennungsmotoren- und Getriebe\u00f6le sowie \u00d6lfilter und beim \u00d6lwechsel regelm\u00e4\u00dfig anfallende \u00f6lhaltige Abf\u00e4lle an unserer im Angebot genannten Gesch\u00e4ftsadresse annehmen.<\/p>\n<p>Die Kostenfreiheit bezieht sich insoweit nur auf die Annahme selbst, nicht auf die im Falle des Versands anfallenden Kosten. Bitte informieren Sie sich in diesem Fall auch \u00fcber m\u00f6glichen Beschr\u00e4nkungen des Postversandes aufgrund der Vorschriften der GGVS (Gefahrgutverordnung Stra\u00dfe).<\/p>","protected":false},"excerpt":{"rendered":"<p>Hinweise zum Batteriegesetz Die nachfolgenden Hinweise richten sich an diejenigen, die Batterien oder Produkte mit eingebauten Batterien nutzen und in der an sie gelieferten Form nicht mehr weiterver\u00e4u\u00dfern (Endnutzer): Unentgeltliche R\u00fccknahme von Altbatterien Batterien d\u00fcrfen nicht \u00fcber den Hausm\u00fcll entsorgt werden. Sie sind zur R\u00fcckgabe von Altbatterien gesetzlich verpflichtet, damit eine fachgerechte Entsorgung gew\u00e4hrleistet werden [&hellip;]<\/p>","protected":false},"author":1,"featured_media":0,"parent":0,"menu_order":0,"comment_status":"closed","ping_status":"closed","template":"","meta":{"_uag_custom_page_level_css":"","site-sidebar-layout":"default","site-content-layout":"default","ast-site-content-layout":"default","site-content-style":"default","site-sidebar-style":"default","ast-global-header-display":"","ast-banner-title-visibility":"","ast-main-header-display":"","ast-hfb-above-header-display":"","ast-hfb-below-header-display":"","ast-hfb-mobile-header-display":"","site-post-title":"","ast-breadcrumbs-content":"","ast-featured-img":"","footer-sml-layout":"","ast-disable-related-posts":"","theme-transparent-header-meta":"default","adv-header-id-meta":"","stick-header-meta":"","header-above-stick-meta":"","header-main-stick-meta":"","header-below-stick-meta":"","astra-migrate-meta-layouts":"default","ast-page-background-enabled":"default","ast-page-background-meta":{"desktop":{"background-color":"var(--ast-global-color-4)","background-image":"","background-repeat":"repeat","background-position":"center center","background-size":"auto","background-attachment":"scroll","background-type":"","background-media":"","overlay-type":"","overlay-color":"","overlay-opacity":"","overlay-gradient":""},"tablet":{"background-color":"","background-image":"","background-repeat":"repeat","background-position":"center center","background-size":"auto","background-attachment":"scroll","background-type":"","background-media":"","overlay-type":"","overlay-color":"","overlay-opacity":"","overlay-gradient":""},"mobile":{"background-color":"","background-image":"","background-repeat":"repeat","background-position":"center center","background-size":"auto","background-attachment":"scroll","background-type":"","background-media":"","overlay-type":"","overlay-color":"","overlay-opacity":"","overlay-gradient":""}},"ast-content-background-meta":{"desktop":{"background-color":"var(--ast-global-color-5)","background-image":"","background-repeat":"repeat","background-position":"center center","background-size":"auto","background-attachment":"scroll","background-type":"","background-media":"","overlay-type":"","overlay-color":"","overlay-opacity":"","overlay-gradient":""},"tablet":{"background-color":"var(--ast-global-color-5)","background-image":"","background-repeat":"repeat","background-position":"center center","background-size":"auto","background-attachment":"scroll","background-type":"","background-media":"","overlay-type":"","overlay-color":"","overlay-opacity":"","overlay-gradient":""},"mobile":{"background-color":"var(--ast-global-color-5)","background-image":"","background-repeat":"repeat","background-position":"center center","background-size":"auto","background-attachment":"scroll","background-type":"","background-media":"","overlay-type":"","overlay-color":"","overlay-opacity":"","overlay-gradient":""}},"footnotes":""},"class_list":["post-448","page","type-page","status-publish","hentry"],"uagb_featured_image_src":{"full":false,"thumbnail":false,"medium":false,"medium_large":false,"large":false,"1536x1536":false,"2048x2048":false,"trp-custom-language-flag":false,"mailpoet_newsletter_max":false},"uagb_author_info":{"display_name":"admin2020","author_link":"https:\/\/www.oryl.de\/en\/author\/admin2020\/"},"uagb_comment_info":0,"uagb_excerpt":"Hinweise zum Batteriegesetz Die nachfolgenden Hinweise richten sich an diejenigen, die Batterien oder Produkte mit eingebauten Batterien nutzen und in der an sie gelieferten Form nicht mehr weiterver\u00e4u\u00dfern (Endnutzer): Unentgeltliche R\u00fccknahme von Altbatterien Batterien d\u00fcrfen nicht \u00fcber den Hausm\u00fcll entsorgt werden. Sie sind zur R\u00fcckgabe von Altbatterien gesetzlich verpflichtet, damit eine fachgerechte Entsorgung gew\u00e4hrleistet werden&hellip;","jetpack_sharing_enabled":true,"_links":{"self":[{"href":"https:\/\/www.oryl.de\/en\/wp-json\/wp\/v2\/pages\/448","targetHints":{"allow":["GET"]}}],"collection":[{"href":"https:\/\/www.oryl.de\/en\/wp-json\/wp\/v2\/pages"}],"about":[{"href":"https:\/\/www.oryl.de\/en\/wp-json\/wp\/v2\/types\/page"}],"author":[{"embeddable":true,"href":"https:\/\/www.oryl.de\/en\/wp-json\/wp\/v2\/users\/1"}],"replies":[{"embeddable":true,"href":"https:\/\/www.oryl.de\/en\/wp-json\/wp\/v2\/comments?post=448"}],"version-history":[{"count":1,"href":"https:\/\/www.oryl.de\/en\/wp-json\/wp\/v2\/pages\/448\/revisions"}],"predecessor-version":[{"id":449,"href":"https:\/\/www.oryl.de\/en\/wp-json\/wp\/v2\/pages\/448\/revisions\/449"}],"wp:attachment":[{"href":"https:\/\/www.oryl.de\/en\/wp-json\/wp\/v2\/media?parent=448"}],"curies":[{"name":"wp","href":"https:\/\/api.w.org\/{rel}","templated":true}]}}