{"id":70,"date":"2021-10-28T11:10:33","date_gmt":"2021-10-28T09:10:33","guid":{"rendered":"https:\/\/www.oryl.de\/bezahlmoeglichkeiten\/"},"modified":"2022-06-02T12:42:48","modified_gmt":"2022-06-02T10:42:48","slug":"bezahlmoeglichkeiten","status":"publish","type":"page","link":"https:\/\/www.oryl.de\/en\/bezahlmoeglichkeiten\/","title":{"rendered":"Payment methods"},"content":{"rendered":"<p>[payment_methods_info]<\/p>\n<p>&nbsp;<\/p>\n<p>&nbsp;<\/p>\n<p>In Zusammenarbeit mit der Klarna Bank AB (publ), Sveav\u00e4gen 46, 111 34 Stockholm, Schweden, bieten wir die folgenden Zahlungsoptionen an. Die Zahlung erfolgt jeweils an Klarna:<\/p>\n<p>&nbsp;<\/p>\n<ul>\n<li><strong>Rechnung<\/strong>: Die Zahlungsfrist betr\u00e4gt 14 Tage ab Versand der Ware\/ des Tickets\/ oder, bei sonstigen Dienstleistungen, der Zurverf\u00fcgungstellung der Dienstleistung. Die Rechnungsbedingungen Rechnungskauf f\u00fcr Lieferungen nach Deutschland finden Sie unter <a href=\"https:\/\/cdn.klarna.com\/1.0\/shared\/content\/legal\/terms\/EID\/de_de\/invoice?fee=0\">https:\/\/cdn.klarna.com\/1.0\/shared\/content\/legal\/terms\/EID\/de_de\/invoice?fee=0<\/a> und f\u00fcr Lieferungen nach \u00d6sterreich unter <a href=\"https:\/\/cdn.klarna.com\/1.0\/shared\/content\/legal\/terms\/EID\/de_at\/invoice?fee=0\">https:\/\/cdn.klarna.com\/1.0\/shared\/content\/legal\/terms\/EID\/de_at\/invoice?fee=0<\/a>.<\/li>\n<li><strong>Ratenkauf<\/strong> (nur in Deutschland verf\u00fcgbar): Mit dem Finanzierungsservice von Klarna k\u00f6nnen Sie Ihren Einkauf flexibel in monatlichen Raten von mindestens 1\/24 des Gesamtbetrages (mindestens jedoch 6,95 EUR) oder unter den sonst in der Kasse angegebenen Bedingungen bezahlen. Die Ratenzahlung ist jeweils zum Ende des Monats nach \u00dcbersendung einer Monatsrechnung durch Klarna f\u00e4llig. Weitere Informationen zum Ratenkauf einschlie\u00dflich der Allgemeinen Gesch\u00e4ftsbedingungen und der europ\u00e4ischen Standardinformationen f\u00fcr Verbraucherkredite finden Sie hier: <a href=\"https:\/\/cdn.klarna.com\/1.0\/shared\/content\/legal\/terms\/EID\/de_de\/account\">https:\/\/cdn.klarna.com\/1.0\/shared\/content\/legal\/terms\/EID\/de_de\/account<\/a><\/li>\n<li><strong>Sofort<\/strong>: Die Belastung Ihres Kontos erfolgt unmittelbar nach Abgabe der Bestellung.<\/li>\n<li><strong>Lastschrift<\/strong>: Die Abbuchung erfolgt nach Versand der Ware. Der Zeitpunkt wird Ihnen per E-Mail mitgeteilt.<\/li>\n<\/ul>\n<p>&nbsp;<\/p>\n<p>Die Nutzung der Zahlungsarten Rechnung, Ratenkauf, Sofort und Lastschrift setzt eine positive Bonit\u00e4tspr\u00fcfung voraus. Insofern leiten wir Ihre Daten im Rahmen der Kaufanbahnung und Abwicklung des Kaufvertrages an Klarna zum Zwecke der Adress- und Bonit\u00e4tspr\u00fcfung weiter. Bitte haben Sie Verst\u00e4ndnis daf\u00fcr, dass wir Ihnen nur diejenigen Zahlarten anbieten k\u00f6nnen, die aufgrund der Ergebnisse der Bonit\u00e4tspr\u00fcfung zul\u00e4ssig sind.<\/p>\n<p>&nbsp;<\/p>\n<p>Weitere Informationen und Klarnas Nutzungsbedingungen f\u00fcr Deutschland finden Sie hier: <a href=\"https:\/\/cdn.klarna.com\/1.0\/shared\/content\/legal\/terms\/K502554\/de_de\/user\">https:\/\/cdn.klarna.com\/1.0\/shared\/content\/legal\/terms\/K502554\/de_de\/user<\/a> und f\u00fcr \u00d6sterreich hier: <a href=\"https:\/\/cdn.klarna.com\/1.0\/shared\/content\/legal\/terms\/K502554\/de_at\/user\">https:\/\/cdn.klarna.com\/1.0\/shared\/content\/legal\/terms\/K502554\/de_at\/user<\/a>. Allgemeine Informationen zu Klarna erhalten Sie hier: <a href=\"http:\/\/www.klarna.com\">www.klarna.com<\/a>. Ihre Personenangaben werden von Klarna in \u00dcbereinstimmung mit den geltenden Datenschutzbestimmungen und entsprechend den Angaben in Klarnas Datenschutzbestimmung Deutschland\/ \u00d6sterreich behandelt.<\/p>","protected":false},"excerpt":{"rendered":"<p>[payment_methods_info] &nbsp; &nbsp; In Zusammenarbeit mit der Klarna Bank AB (publ), Sveav\u00e4gen 46, 111 34 Stockholm, Schweden, bieten wir die folgenden Zahlungsoptionen an. Die Zahlung erfolgt jeweils an Klarna: &nbsp; Rechnung: Die Zahlungsfrist betr\u00e4gt 14 Tage ab Versand der Ware\/ des Tickets\/ oder, bei sonstigen Dienstleistungen, der Zurverf\u00fcgungstellung der Dienstleistung. Die Rechnungsbedingungen Rechnungskauf f\u00fcr Lieferungen [&hellip;]<\/p>","protected":false},"author":1,"featured_media":0,"parent":0,"menu_order":0,"comment_status":"closed","ping_status":"closed","template":"","meta":{"_uag_custom_page_level_css":"","site-sidebar-layout":"default","site-content-layout":"default","ast-site-content-layout":"default","site-content-style":"default","site-sidebar-style":"default","ast-global-header-display":"","ast-banner-title-visibility":"","ast-main-header-display":"","ast-hfb-above-header-display":"","ast-hfb-below-header-display":"","ast-hfb-mobile-header-display":"","site-post-title":"","ast-breadcrumbs-content":"","ast-featured-img":"","footer-sml-layout":"","ast-disable-related-posts":"","theme-transparent-header-meta":"default","adv-header-id-meta":"","stick-header-meta":"","header-above-stick-meta":"","header-main-stick-meta":"","header-below-stick-meta":"","astra-migrate-meta-layouts":"default","ast-page-background-enabled":"default","ast-page-background-meta":{"desktop":{"background-color":"var(--ast-global-color-4)","background-image":"","background-repeat":"repeat","background-position":"center center","background-size":"auto","background-attachment":"scroll","background-type":"","background-media":"","overlay-type":"","overlay-color":"","overlay-opacity":"","overlay-gradient":""},"tablet":{"background-color":"","background-image":"","background-repeat":"repeat","background-position":"center center","background-size":"auto","background-attachment":"scroll","background-type":"","background-media":"","overlay-type":"","overlay-color":"","overlay-opacity":"","overlay-gradient":""},"mobile":{"background-color":"","background-image":"","background-repeat":"repeat","background-position":"center center","background-size":"auto","background-attachment":"scroll","background-type":"","background-media":"","overlay-type":"","overlay-color":"","overlay-opacity":"","overlay-gradient":""}},"ast-content-background-meta":{"desktop":{"background-color":"var(--ast-global-color-5)","background-image":"","background-repeat":"repeat","background-position":"center center","background-size":"auto","background-attachment":"scroll","background-type":"","background-media":"","overlay-type":"","overlay-color":"","overlay-opacity":"","overlay-gradient":""},"tablet":{"background-color":"var(--ast-global-color-5)","background-image":"","background-repeat":"repeat","background-position":"center center","background-size":"auto","background-attachment":"scroll","background-type":"","background-media":"","overlay-type":"","overlay-color":"","overlay-opacity":"","overlay-gradient":""},"mobile":{"background-color":"var(--ast-global-color-5)","background-image":"","background-repeat":"repeat","background-position":"center center","background-size":"auto","background-attachment":"scroll","background-type":"","background-media":"","overlay-type":"","overlay-color":"","overlay-opacity":"","overlay-gradient":""}},"footnotes":""},"class_list":["post-70","page","type-page","status-publish","hentry"],"uagb_featured_image_src":{"full":false,"thumbnail":false,"medium":false,"medium_large":false,"large":false,"1536x1536":false,"2048x2048":false,"trp-custom-language-flag":false,"mailpoet_newsletter_max":false},"uagb_author_info":{"display_name":"admin2020","author_link":"https:\/\/www.oryl.de\/en\/author\/admin2020\/"},"uagb_comment_info":0,"uagb_excerpt":"[payment_methods_info] &nbsp; &nbsp; In Zusammenarbeit mit der Klarna Bank AB (publ), Sveav\u00e4gen 46, 111 34 Stockholm, Schweden, bieten wir die folgenden Zahlungsoptionen an. Die Zahlung erfolgt jeweils an Klarna: &nbsp; Rechnung: Die Zahlungsfrist betr\u00e4gt 14 Tage ab Versand der Ware\/ des Tickets\/ oder, bei sonstigen Dienstleistungen, der Zurverf\u00fcgungstellung der Dienstleistung. Die Rechnungsbedingungen Rechnungskauf f\u00fcr Lieferungen&hellip;","jetpack_sharing_enabled":true,"_links":{"self":[{"href":"https:\/\/www.oryl.de\/en\/wp-json\/wp\/v2\/pages\/70","targetHints":{"allow":["GET"]}}],"collection":[{"href":"https:\/\/www.oryl.de\/en\/wp-json\/wp\/v2\/pages"}],"about":[{"href":"https:\/\/www.oryl.de\/en\/wp-json\/wp\/v2\/types\/page"}],"author":[{"embeddable":true,"href":"https:\/\/www.oryl.de\/en\/wp-json\/wp\/v2\/users\/1"}],"replies":[{"embeddable":true,"href":"https:\/\/www.oryl.de\/en\/wp-json\/wp\/v2\/comments?post=70"}],"version-history":[{"count":1,"href":"https:\/\/www.oryl.de\/en\/wp-json\/wp\/v2\/pages\/70\/revisions"}],"predecessor-version":[{"id":444,"href":"https:\/\/www.oryl.de\/en\/wp-json\/wp\/v2\/pages\/70\/revisions\/444"}],"wp:attachment":[{"href":"https:\/\/www.oryl.de\/en\/wp-json\/wp\/v2\/media?parent=70"}],"curies":[{"name":"wp","href":"https:\/\/api.w.org\/{rel}","templated":true}]}}